{"id":37,"date":"2014-02-06T13:09:40","date_gmt":"2014-02-06T12:09:40","guid":{"rendered":"http:\/\/www.einfachbewegen.ch\/de\/?page_id=37"},"modified":"2022-08-26T18:40:49","modified_gmt":"2022-08-26T16:40:49","slug":"christina-buri-wiederkehr-psychomotorik-therapie-zug","status":"publish","type":"page","link":"https:\/\/einfachbewegen.ch\/de\/","title":{"rendered":"Christina Buri"},"content":{"rendered":"<p><strong><a href=\"https:\/\/einfachbewegen.ch\/de\/christina-buri-wiederkehr-psychomotorik-therapie-zug\/christina_buri\/\"><img loading=\"lazy\" decoding=\"async\" class=\"wp-image-241  alignright\" src=\"https:\/\/einfachbewegen.ch\/de\/wp-content\/uploads\/2020\/07\/Christina_Buri.jpg\" alt=\"\" width=\"250\" height=\"368\" \/><\/a>Ausbildung<\/strong><\/p>\n<p>1984 bis 1988 Turn- und Sportlehrerausbildung an der ETH Z\u00fcrich.<\/p>\n<p>1988 Master of Science (eidg. dipl. Turn- und Sportlehrerin Diplom II ETH).<\/p>\n<p>1991 bis 1994 Grund\u2013 und Aufbaustudium in Psychomotoriktherapie am Heilp\u00e4dagogischen Seminar Z\u00fcrich.<\/p>\n<p>1994 eidg. dipl. Psychomotoriktherapeutin EDK.<\/p>\n<p>2019 zertifizierte Life Kinetik Trainerin.<\/p>\n<p><strong>T\u00e4tigkeit<\/strong><\/p>\n<p>1988 bis 1993 Sport- und Schwimmunterricht an verschiedenen Schulen und mit verschiedenen Altersgruppen: Primarschule, Sekundarschule, Berufsschule, Schwimmen f\u00fcr Kinder mit Asthma, Behindertensport f\u00fcr Erwachsene und Kinder.<\/p>\n<p>1991 bis 1998 Dozentin f\u00fcr Behindertensport an der Schule f\u00fcr Physiotherapie am Universit\u00e4tsspital Z\u00fcrich.<\/p>\n<p>1994 bis 1998 Psychomotorik-Therapeutin in Ober\u00e4geri (Aufbau der Therapiestelle f\u00fcr Unter- und Ober\u00e4geri) und Sportlehrerin im Teilpensum in Ober\u00e4geri.<\/p>\n<p>1998 bis 2014 Psychomotorik-Therapeutin an den Stadtschulen Zug.<\/p>\n<p>Seit 2014 selbst\u00e4ndig in eigener Praxis.<\/p>\n<p>Seit 2021 Life Kinetik-Workshops f\u00fcr Lehrpersonen an Musikschulen.<\/p>\n<p>Christina Buri ist die Autorin aller Abenteuer von MusigKater <a title=\"MusigKater Caruso \u2013 Konzerte f\u00fcr Kinder ab 3 Jahren\" href=\"https:\/\/www.katercaruso.ch\">Caruso<\/a>.<\/p>\n<div title=\"Page 1\"><\/div>\n","protected":false},"excerpt":{"rendered":"<p>Ausbildung 1984 bis 1988 Turn- und Sportlehrerausbildung an der ETH Z\u00fcrich. 1988 Master of Science (eidg. dipl. Turn- und Sportlehrerin Diplom II ETH). 1991 bis 1994 Grund\u2013 und Aufbaustudium in Psychomotoriktherapie am Heilp\u00e4dagogischen Seminar Z\u00fcrich. 1994 eidg. dipl. Psychomotoriktherapeutin EDK. &hellip; <a href=\"https:\/\/einfachbewegen.ch\/de\/\">Continue reading <span class=\"meta-nav\">&rarr;<\/span><\/a><\/p>\n","protected":false},"author":1,"featured_media":0,"parent":0,"menu_order":0,"comment_status":"closed","ping_status":"closed","template":"","meta":{"footnotes":""},"class_list":["post-37","page","type-page","status-publish","hentry"],"_links":{"self":[{"href":"https:\/\/einfachbewegen.ch\/de\/wp-json\/wp\/v2\/pages\/37","targetHints":{"allow":["GET"]}}],"collection":[{"href":"https:\/\/einfachbewegen.ch\/de\/wp-json\/wp\/v2\/pages"}],"about":[{"href":"https:\/\/einfachbewegen.ch\/de\/wp-json\/wp\/v2\/types\/page"}],"author":[{"embeddable":true,"href":"https:\/\/einfachbewegen.ch\/de\/wp-json\/wp\/v2\/users\/1"}],"replies":[{"embeddable":true,"href":"https:\/\/einfachbewegen.ch\/de\/wp-json\/wp\/v2\/comments?post=37"}],"version-history":[{"count":47,"href":"https:\/\/einfachbewegen.ch\/de\/wp-json\/wp\/v2\/pages\/37\/revisions"}],"predecessor-version":[{"id":285,"href":"https:\/\/einfachbewegen.ch\/de\/wp-json\/wp\/v2\/pages\/37\/revisions\/285"}],"wp:attachment":[{"href":"https:\/\/einfachbewegen.ch\/de\/wp-json\/wp\/v2\/media?parent=37"}],"curies":[{"name":"wp","href":"https:\/\/api.w.org\/{rel}","templated":true}]}}